{"id":273,"date":"2025-12-23T22:49:06","date_gmt":"2025-12-23T22:49:06","guid":{"rendered":"https:\/\/sgexporta.com\/?post_type=product&#038;p=273"},"modified":"2025-12-23T22:49:06","modified_gmt":"2025-12-23T22:49:06","slug":"portatil-dell-intel-core-i5-1334u-512gb-ssd-16gb-ram-156-fhd-platinum-silver","status":"publish","type":"product","link":"https:\/\/sgexporta.com\/index.php\/product\/portatil-dell-intel-core-i5-1334u-512gb-ssd-16gb-ram-156-fhd-platinum-silver\/","title":{"rendered":"PORT\u00c1TIL DELL INTEL CORE I5 1334U 512GB SSD 16GB RAM 156 FHD PLATINUM SILVER"},"content":{"rendered":"<div class=\"jsx-2794857728 specifications-title\">ESPECIFICACIONES<\/p>\n<ul data-end=\"1297\" data-start=\"867\">\n<li data-end=\"944\" data-start=\"867\">\n<p data-end=\"944\" data-start=\"869\"><strong data-end=\"884\" data-start=\"869\">Procesador:<\/strong>\u00a0Intel Core i5-1334U (10 n\u00facleos \/ 12 hilos, hasta 4.60 GHz)<\/p>\n<\/li>\n<li data-end=\"1003\" data-start=\"945\">\n<p data-end=\"1003\" data-start=\"947\"><strong data-end=\"960\" data-start=\"947\">Pantalla:<\/strong>\u00a015.6\u201d FHD (1920&#215;1080), 60 Hz, antirreflejo<\/p>\n<\/li>\n<li data-end=\"1075\" data-start=\"1004\">\n<p data-end=\"1075\" data-start=\"1006\"><strong data-end=\"1022\" data-start=\"1006\">Memoria RAM:<\/strong>\u00a016 GB DDR4 3200MHz<\/p>\n<\/li>\n<li data-end=\"1118\" data-start=\"1076\">\n<p data-end=\"1118\" data-start=\"1078\"><strong data-end=\"1097\" data-start=\"1078\">Almacenamiento:<\/strong>\u00a0512 GB SSD NVMe PCIe<\/p>\n<\/li>\n<li data-end=\"1174\" data-start=\"1119\">\n<p data-end=\"1174\" data-start=\"1121\"><strong data-end=\"1141\" data-start=\"1121\">Tarjeta gr\u00e1fica:<\/strong>\u00a0Intel Iris Xe Graphics integrada<\/p>\n<\/li>\n<li data-end=\"1206\" data-start=\"1175\">\n<p data-end=\"1206\" data-start=\"1177\"><strong data-end=\"1199\" data-start=\"1177\">Sistema operativo:<\/strong>\u00a0windows 11 de prueba<\/p>\n<\/li>\n<li data-end=\"1236\" data-start=\"1207\">\n<p data-end=\"1236\" data-start=\"1209\"><strong data-end=\"1224\" data-start=\"1209\">C\u00e1mara web:<\/strong>\u00a0FHD (1080p)<\/p>\n<\/li>\n<li data-end=\"1268\" data-start=\"1237\">\n<p data-end=\"1268\" data-start=\"1239\"><strong data-end=\"1251\" data-start=\"1239\">Bater\u00eda:<\/strong>\u00a04 celdas, 54 Whr<\/p>\n<\/li>\n<li data-end=\"1297\" data-start=\"1269\">\n<p data-end=\"1297\" data-start=\"1271\"><strong data-end=\"1281\" data-start=\"1271\">Color:<\/strong>\u00a0Platinum Silver<\/p>\n<\/li>\n<\/ul>\n<h3 data-end=\"1334\" data-start=\"1304\"><strong data-end=\"1334\" data-start=\"1308\">Conectividad y puertos<\/strong><\/h3>\n<ul data-end=\"1589\" data-start=\"1336\">\n<li data-end=\"1363\" data-start=\"1336\">\n<p data-end=\"1363\" data-start=\"1338\">1x USB 3.2 Gen 1 tipo A<\/p>\n<\/li>\n<li data-end=\"1378\" data-start=\"1364\">\n<p data-end=\"1378\" data-start=\"1366\">1x USB 2.0<\/p>\n<\/li>\n<li data-end=\"1419\" data-start=\"1379\">\n<p data-end=\"1419\" data-start=\"1381\">1x USB 3.2 Gen 1 tipo C (solo datos)<\/p>\n<\/li>\n<li data-end=\"1455\" data-start=\"1420\">\n<p data-end=\"1455\" data-start=\"1422\">1x HDMI 1.4 (1920&#215;1080 a 60 Hz)<\/p>\n<\/li>\n<li data-end=\"1484\" data-start=\"1456\">\n<p data-end=\"1484\" data-start=\"1458\">1x Lector de tarjetas SD<\/p>\n<\/li>\n<li data-end=\"1525\" data-start=\"1485\">\n<p data-end=\"1525\" data-start=\"1487\">1x Jack 3.5 mm auriculares\/micr\u00f3fono<\/p>\n<\/li>\n<li data-end=\"1555\" data-start=\"1526\">\n<p data-end=\"1555\" data-start=\"1528\">1x Puerto de alimentaci\u00f3n<\/p>\n<\/li>\n<li data-end=\"1589\" data-start=\"1556\">\n<p data-end=\"1589\" data-start=\"1558\">Wi-Fi 6 (802.11ax) + Bluetooth\u00ae<\/p>\n<\/li>\n<\/ul>\n<h3 data-end=\"1622\" data-start=\"1596\"><strong data-end=\"1622\" data-start=\"1600\">Dimensiones y peso<\/strong><\/h3>\n<p>&nbsp;<\/p>\n<ul data-end=\"1759\" data-start=\"1624\">\n<li data-end=\"1674\" data-start=\"1624\">\n<p data-end=\"1674\" data-start=\"1626\"><strong data-end=\"1635\" data-start=\"1626\">Alto:<\/strong>\u00a01.69 cm (frontal) \u2013 1.9 cm (trasera)<\/p>\n<\/li>\n<li data-end=\"1698\" data-start=\"1675\">\n<p data-end=\"1698\" data-start=\"1677\"><strong data-end=\"1687\" data-start=\"1677\">Ancho:<\/strong>\u00a035.85 cm<\/p>\n<\/li>\n<li data-end=\"1728\" data-start=\"1699\">\n<p data-end=\"1728\" data-start=\"1701\"><strong data-end=\"1717\" data-start=\"1701\">Profundidad:<\/strong>\u00a023.56 cm<\/p>\n<\/li>\n<li data-end=\"1759\" data-start=\"1729\">\n<p data-end=\"1759\" data-start=\"1731\"><strong data-end=\"1751\" data-start=\"1731\">Peso aproximado:<\/strong>\u00a01.65 kg<\/p>\n<\/li>\n<\/ul>\n<\/div>\n","protected":false},"excerpt":{"rendered":"<p>El\u00a0<strong data-end=\"257\" data-start=\"232\">Dell Inspiron 15 3530<\/strong>\u00a0es el port\u00e1til perfecto para quienes buscan equilibrio entre productividad, dise\u00f1o y eficiencia. Equipado con un potente procesador\u00a0<strong data-end=\"427\" data-start=\"390\">Intel Core i5-1334U de 10 n\u00facleos<\/strong>,\u00a0<strong>16 GB\u00a0<\/strong>de memoria DDR4 y\u00a0<strong data-end=\"466\" data-start=\"452\">512 GB SSD<\/strong>, est\u00e1 dise\u00f1ado para adaptarse a tus necesidades diarias en casa, trabajo o estudio. Disfruta de una pantalla de\u00a0<strong data-end=\"592\" data-start=\"579\">15.6\u201d FHD<\/strong>\u00a0que cuida tu vista gracias a la tecnolog\u00eda ComfortView, y trabaja m\u00e1s c\u00f3modo con su bater\u00eda de carga r\u00e1pida ExpressCharge\u2122. Adem\u00e1s, su construcci\u00f3n y empaque ecol\u00f3gicos lo convierten en una opci\u00f3n amigable con el planeta. El equipo cuenta con ampliaciones de disco y\/o ram, el equipo es totalmente nuevo tanto como sus ampliaciones.<\/p>\n<p>Este producto es totalmente nuevo y original, ha sido repotenciado en una de sus partes para optimizar su rendimiento, se ha ampliado la memoria RAM o la capacidad del disco de almacenamiento<\/p>\n","protected":false},"featured_media":277,"comment_status":"open","ping_status":"closed","template":"","meta":{"site-sidebar-layout":"default","site-content-layout":"","ast-site-content-layout":"default","site-content-style":"default","site-sidebar-style":"default","ast-global-header-display":"","ast-banner-title-visibility":"","ast-main-header-display":"","ast-hfb-above-header-display":"","ast-hfb-below-header-display":"","ast-hfb-mobile-header-display":"","site-post-title":"","ast-breadcrumbs-content":"","ast-featured-img":"","footer-sml-layout":"","ast-disable-related-posts":"","theme-transparent-header-meta":"default","adv-header-id-meta":"","stick-header-meta":"","header-above-stick-meta":"","header-main-stick-meta":"","header-below-stick-meta":"","astra-migrate-meta-layouts":"set","ast-page-background-enabled":"default","ast-page-background-meta":{"desktop":{"background-color":"var(--ast-global-color-5)","background-image":"","background-repeat":"repeat","background-position":"center center","background-size":"auto","background-attachment":"scroll","background-type":"","background-media":"","overlay-type":"","overlay-color":"","overlay-opacity":"","overlay-gradient":""},"tablet":{"background-color":"","background-image":"","background-repeat":"repeat","background-position":"center center","background-size":"auto","background-attachment":"scroll","background-type":"","background-media":"","overlay-type":"","overlay-color":"","overlay-opacity":"","overlay-gradient":""},"mobile":{"background-color":"","background-image":"","background-repeat":"repeat","background-position":"center center","background-size":"auto","background-attachment":"scroll","background-type":"","background-media":"","overlay-type":"","overlay-color":"","overlay-opacity":"","overlay-gradient":""}},"ast-content-background-meta":{"desktop":{"background-color":"var(--ast-global-color-4)","background-image":"","background-repeat":"repeat","background-position":"center center","background-size":"auto","background-attachment":"scroll","background-type":"","background-media":"","overlay-type":"","overlay-color":"","overlay-opacity":"","overlay-gradient":""},"tablet":{"background-color":"var(--ast-global-color-4)","background-image":"","background-repeat":"repeat","background-position":"center center","background-size":"auto","background-attachment":"scroll","background-type":"","background-media":"","overlay-type":"","overlay-color":"","overlay-opacity":"","overlay-gradient":""},"mobile":{"background-color":"var(--ast-global-color-4)","background-image":"","background-repeat":"repeat","background-position":"center center","background-size":"auto","background-attachment":"scroll","background-type":"","background-media":"","overlay-type":"","overlay-color":"","overlay-opacity":"","overlay-gradient":""}},"_joinchat":[]},"product_brand":[],"product_cat":[29],"product_tag":[],"class_list":{"0":"post-273","1":"product","2":"type-product","3":"status-publish","4":"has-post-thumbnail","6":"product_cat-computadores","7":"desktop-align-left","8":"tablet-align-left","9":"mobile-align-left","11":"first","12":"instock","13":"sale","14":"shipping-taxable","15":"purchasable","16":"product-type-simple"},"_links":{"self":[{"href":"https:\/\/sgexporta.com\/index.php\/wp-json\/wp\/v2\/product\/273","targetHints":{"allow":["GET"]}}],"collection":[{"href":"https:\/\/sgexporta.com\/index.php\/wp-json\/wp\/v2\/product"}],"about":[{"href":"https:\/\/sgexporta.com\/index.php\/wp-json\/wp\/v2\/types\/product"}],"replies":[{"embeddable":true,"href":"https:\/\/sgexporta.com\/index.php\/wp-json\/wp\/v2\/comments?post=273"}],"wp:featuredmedia":[{"embeddable":true,"href":"https:\/\/sgexporta.com\/index.php\/wp-json\/wp\/v2\/media\/277"}],"wp:attachment":[{"href":"https:\/\/sgexporta.com\/index.php\/wp-json\/wp\/v2\/media?parent=273"}],"wp:term":[{"taxonomy":"product_brand","embeddable":true,"href":"https:\/\/sgexporta.com\/index.php\/wp-json\/wp\/v2\/product_brand?post=273"},{"taxonomy":"product_cat","embeddable":true,"href":"https:\/\/sgexporta.com\/index.php\/wp-json\/wp\/v2\/product_cat?post=273"},{"taxonomy":"product_tag","embeddable":true,"href":"https:\/\/sgexporta.com\/index.php\/wp-json\/wp\/v2\/product_tag?post=273"}],"curies":[{"name":"wp","href":"https:\/\/api.w.org\/{rel}","templated":true}]}}