{"id":256,"date":"2025-12-23T22:41:25","date_gmt":"2025-12-23T22:41:25","guid":{"rendered":"https:\/\/sgexporta.com\/?post_type=product&#038;p=256"},"modified":"2025-12-23T22:41:55","modified_gmt":"2025-12-23T22:41:55","slug":"dji-osmo-360-standard-combo","status":"publish","type":"product","link":"https:\/\/sgexporta.com\/index.php\/product\/dji-osmo-360-standard-combo\/","title":{"rendered":"DJI Osmo 360 Standard Combo"},"content":{"rendered":"<p data-start=\"180\" data-end=\"744\">La\u00a0<strong data-start=\"183\" data-end=\"199\">DJI Osmo 360<\/strong>\u00a0es la revoluci\u00f3n en c\u00e1maras de acci\u00f3n inmersivas. Dise\u00f1ada para creadores que exigen la m\u00e1xima calidad en cualquier entorno, combina un\u00a0<strong data-start=\"336\" data-end=\"359\">sensor de 1 pulgada<\/strong>, grabaci\u00f3n en\u00a0<strong data-start=\"374\" data-end=\"380\">8K<\/strong>, fotos de\u00a0<strong data-start=\"391\" data-end=\"401\">120 MP<\/strong>, un sistema de estabilizaci\u00f3n superior y una construcci\u00f3n resistente para acompa\u00f1arte en cualquier aventura. Su dise\u00f1o ultracompacto integra lentes duales capaces de capturar el mundo entero en 360\u00b0 con una nitidez impresionante, mientras que su pantalla t\u00e1ctil de 2\u2033 ofrece control intuitivo y visualizaci\u00f3n clara incluso bajo luz intensa. Ya sea para deportes extremos, viajes, moto, ciclismo, creaci\u00f3n profesional, vlogs o documentales, la Osmo 360 ofrece un conjunto completo de herramientas avanzadas: control por gestos y voz, almacenamiento interno, ecosistema magn\u00e9tico, modos inteligentes de edici\u00f3n, seguimiento autom\u00e1tico y compatibilidad con plataformas de postproducci\u00f3n profesional. Todo para que cuentes historias con una perspectiva diferente, m\u00e1s inmersiva y cinematogr\u00e1fica.<\/p>\n<p data-start=\"180\" data-end=\"744\">\n","protected":false},"excerpt":{"rendered":"<ul class=\"list_OMS5rN7R1Z\">\n<li class=\"listItem_OMS5rN7R1Z\" data-selenium=\"sellingPointsListItem\"><span dir=\"auto\">C\u00e1mara de acci\u00f3n 8K30 de 360\u00b0 con sensor de 1\u2033<\/span><\/li>\n<li class=\"listItem_OMS5rN7R1Z\" data-selenium=\"sellingPointsListItem\"><span dir=\"auto\">Captura hasta 4K120 y 170\u00b0 Boost<\/span><\/li>\n<li class=\"listItem_OMS5rN7R1Z\" data-selenium=\"sellingPointsListItem\"><span dir=\"auto\">Captura im\u00e1genes fijas de 360\u00b0 de hasta 120 MP<\/span><\/li>\n<li class=\"listItem_OMS5rN7R1Z\" data-selenium=\"sellingPointsListItem\"><span dir=\"auto\">Ecosistema de liberaci\u00f3n r\u00e1pida magn\u00e9tica de Osmo<\/span><\/li>\n<li class=\"listItem_OMS5rN7R1Z\" data-selenium=\"sellingPointsListItem\"><span dir=\"auto\">Captura hasta 100 minutos de video 8K<\/span><\/li>\n<li class=\"listItem_OMS5rN7R1Z\" data-selenium=\"sellingPointsListItem\"><span dir=\"auto\">Perfil de color de 10 bits y D-Log M<\/span><\/li>\n<li class=\"listItem_OMS5rN7R1Z\" data-selenium=\"sellingPointsListItem\"><span dir=\"auto\">Entrada directa de micr\u00f3fono de OsmoAudio<\/span><\/li>\n<li class=\"listItem_OMS5rN7R1Z\" data-selenium=\"sellingPointsListItem\"><span dir=\"auto\">Estabilizaci\u00f3n de imagen, captura en c\u00e1mara lenta<\/span><\/li>\n<\/ul>\n","protected":false},"featured_media":258,"comment_status":"open","ping_status":"closed","template":"","meta":{"site-sidebar-layout":"default","site-content-layout":"","ast-site-content-layout":"default","site-content-style":"default","site-sidebar-style":"default","ast-global-header-display":"","ast-banner-title-visibility":"","ast-main-header-display":"","ast-hfb-above-header-display":"","ast-hfb-below-header-display":"","ast-hfb-mobile-header-display":"","site-post-title":"","ast-breadcrumbs-content":"","ast-featured-img":"","footer-sml-layout":"","ast-disable-related-posts":"","theme-transparent-header-meta":"default","adv-header-id-meta":"","stick-header-meta":"","header-above-stick-meta":"","header-main-stick-meta":"","header-below-stick-meta":"","astra-migrate-meta-layouts":"set","ast-page-background-enabled":"default","ast-page-background-meta":{"desktop":{"background-color":"var(--ast-global-color-5)","background-image":"","background-repeat":"repeat","background-position":"center center","background-size":"auto","background-attachment":"scroll","background-type":"","background-media":"","overlay-type":"","overlay-color":"","overlay-opacity":"","overlay-gradient":""},"tablet":{"background-color":"","background-image":"","background-repeat":"repeat","background-position":"center center","background-size":"auto","background-attachment":"scroll","background-type":"","background-media":"","overlay-type":"","overlay-color":"","overlay-opacity":"","overlay-gradient":""},"mobile":{"background-color":"","background-image":"","background-repeat":"repeat","background-position":"center center","background-size":"auto","background-attachment":"scroll","background-type":"","background-media":"","overlay-type":"","overlay-color":"","overlay-opacity":"","overlay-gradient":""}},"ast-content-background-meta":{"desktop":{"background-color":"var(--ast-global-color-4)","background-image":"","background-repeat":"repeat","background-position":"center center","background-size":"auto","background-attachment":"scroll","background-type":"","background-media":"","overlay-type":"","overlay-color":"","overlay-opacity":"","overlay-gradient":""},"tablet":{"background-color":"var(--ast-global-color-4)","background-image":"","background-repeat":"repeat","background-position":"center center","background-size":"auto","background-attachment":"scroll","background-type":"","background-media":"","overlay-type":"","overlay-color":"","overlay-opacity":"","overlay-gradient":""},"mobile":{"background-color":"var(--ast-global-color-4)","background-image":"","background-repeat":"repeat","background-position":"center center","background-size":"auto","background-attachment":"scroll","background-type":"","background-media":"","overlay-type":"","overlay-color":"","overlay-opacity":"","overlay-gradient":""}},"_joinchat":[]},"product_brand":[],"product_cat":[26],"product_tag":[],"class_list":{"0":"post-256","1":"product","2":"type-product","3":"status-publish","4":"has-post-thumbnail","6":"product_cat-camaras","7":"desktop-align-left","8":"tablet-align-left","9":"mobile-align-left","11":"first","12":"instock","13":"shipping-taxable","14":"purchasable","15":"product-type-simple"},"_links":{"self":[{"href":"https:\/\/sgexporta.com\/index.php\/wp-json\/wp\/v2\/product\/256","targetHints":{"allow":["GET"]}}],"collection":[{"href":"https:\/\/sgexporta.com\/index.php\/wp-json\/wp\/v2\/product"}],"about":[{"href":"https:\/\/sgexporta.com\/index.php\/wp-json\/wp\/v2\/types\/product"}],"replies":[{"embeddable":true,"href":"https:\/\/sgexporta.com\/index.php\/wp-json\/wp\/v2\/comments?post=256"}],"wp:featuredmedia":[{"embeddable":true,"href":"https:\/\/sgexporta.com\/index.php\/wp-json\/wp\/v2\/media\/258"}],"wp:attachment":[{"href":"https:\/\/sgexporta.com\/index.php\/wp-json\/wp\/v2\/media?parent=256"}],"wp:term":[{"taxonomy":"product_brand","embeddable":true,"href":"https:\/\/sgexporta.com\/index.php\/wp-json\/wp\/v2\/product_brand?post=256"},{"taxonomy":"product_cat","embeddable":true,"href":"https:\/\/sgexporta.com\/index.php\/wp-json\/wp\/v2\/product_cat?post=256"},{"taxonomy":"product_tag","embeddable":true,"href":"https:\/\/sgexporta.com\/index.php\/wp-json\/wp\/v2\/product_tag?post=256"}],"curies":[{"name":"wp","href":"https:\/\/api.w.org\/{rel}","templated":true}]}}