{"id":250,"date":"2025-12-23T22:37:54","date_gmt":"2025-12-23T22:37:54","guid":{"rendered":"https:\/\/sgexporta.com\/?post_type=product&#038;p=250"},"modified":"2025-12-23T22:38:56","modified_gmt":"2025-12-23T22:38:56","slug":"celular-samsung-galaxy-a36-256gb-5g-morado","status":"publish","type":"product","link":"https:\/\/sgexporta.com\/index.php\/product\/celular-samsung-galaxy-a36-256gb-5g-morado\/","title":{"rendered":"Celular SAMSUNG Galaxy A36 256GB 5G Morado"},"content":{"rendered":"<p>El Galaxy A36 5G, est\u00e1 dise\u00f1ado para que te conectes donde est\u00e9s. Captura fotos incre\u00edbles con su c\u00e1mara principal de 50 MP y frontal de 12 MP, potenciadas por Inteligencia Artificial. Adem\u00e1s, prueba una manera diferente y eficiente de buscar en un smartphone y encu\u00e9ntralo \u00a1solo dibujando un c\u00edrculo! Disfruta de una experiencia AMOLED DE 6.7&#8243; FHD+ y un potente procesador Snapdragon 6 Gen3 para un rendimiento superior. Con bater\u00eda de 5000 mAh y carga r\u00e1pida de 45W, nunca te quedar\u00e1s sin energ\u00eda. \u00a1Compra el Tuyo Ahora!<\/p>\n","protected":false},"excerpt":{"rendered":"<div class=\"new-container__titles\">\n<h2 class=\"js-subtitle-pdp\">Caracter\u00edsticas destacadas<\/h2>\n<\/div>\n<ul class=\"tab-details__keyFeatures--list\">\n<li class=\"tab-details__keyFeatures--item\">Tasa de refresco 120Hz Desplazamientos suaves y sin retrasos<\/li>\n<li class=\"tab-details__keyFeatures--item\">Bater\u00eda 5000mAh Energ\u00eda duradera para largas jornadas<\/li>\n<li class=\"tab-details__keyFeatures--item\">Edici\u00f3n de fotos y videos con Inteligencia Artificial<\/li>\n<li class=\"tab-details__keyFeatures--item\">Plataforma de Seguridad Knox Vault para proteger tus datos<\/li>\n<li class=\"tab-details__keyFeatures--item\">Acceso r\u00e1pido y seguro con Sensor de Huella en pantalla<\/li>\n<\/ul>\n","protected":false},"featured_media":251,"comment_status":"open","ping_status":"closed","template":"","meta":{"site-sidebar-layout":"default","site-content-layout":"","ast-site-content-layout":"default","site-content-style":"default","site-sidebar-style":"default","ast-global-header-display":"","ast-banner-title-visibility":"","ast-main-header-display":"","ast-hfb-above-header-display":"","ast-hfb-below-header-display":"","ast-hfb-mobile-header-display":"","site-post-title":"","ast-breadcrumbs-content":"","ast-featured-img":"","footer-sml-layout":"","ast-disable-related-posts":"","theme-transparent-header-meta":"default","adv-header-id-meta":"","stick-header-meta":"","header-above-stick-meta":"","header-main-stick-meta":"","header-below-stick-meta":"","astra-migrate-meta-layouts":"set","ast-page-background-enabled":"default","ast-page-background-meta":{"desktop":{"background-color":"var(--ast-global-color-5)","background-image":"","background-repeat":"repeat","background-position":"center center","background-size":"auto","background-attachment":"scroll","background-type":"","background-media":"","overlay-type":"","overlay-color":"","overlay-opacity":"","overlay-gradient":""},"tablet":{"background-color":"","background-image":"","background-repeat":"repeat","background-position":"center center","background-size":"auto","background-attachment":"scroll","background-type":"","background-media":"","overlay-type":"","overlay-color":"","overlay-opacity":"","overlay-gradient":""},"mobile":{"background-color":"","background-image":"","background-repeat":"repeat","background-position":"center center","background-size":"auto","background-attachment":"scroll","background-type":"","background-media":"","overlay-type":"","overlay-color":"","overlay-opacity":"","overlay-gradient":""}},"ast-content-background-meta":{"desktop":{"background-color":"var(--ast-global-color-4)","background-image":"","background-repeat":"repeat","background-position":"center center","background-size":"auto","background-attachment":"scroll","background-type":"","background-media":"","overlay-type":"","overlay-color":"","overlay-opacity":"","overlay-gradient":""},"tablet":{"background-color":"var(--ast-global-color-4)","background-image":"","background-repeat":"repeat","background-position":"center center","background-size":"auto","background-attachment":"scroll","background-type":"","background-media":"","overlay-type":"","overlay-color":"","overlay-opacity":"","overlay-gradient":""},"mobile":{"background-color":"var(--ast-global-color-4)","background-image":"","background-repeat":"repeat","background-position":"center center","background-size":"auto","background-attachment":"scroll","background-type":"","background-media":"","overlay-type":"","overlay-color":"","overlay-opacity":"","overlay-gradient":""}},"_joinchat":[]},"product_brand":[],"product_cat":[27],"product_tag":[],"class_list":{"0":"post-250","1":"product","2":"type-product","3":"status-publish","4":"has-post-thumbnail","6":"product_cat-celulares","7":"desktop-align-left","8":"tablet-align-left","9":"mobile-align-left","11":"first","12":"instock","13":"shipping-taxable","14":"purchasable","15":"product-type-simple"},"_links":{"self":[{"href":"https:\/\/sgexporta.com\/index.php\/wp-json\/wp\/v2\/product\/250","targetHints":{"allow":["GET"]}}],"collection":[{"href":"https:\/\/sgexporta.com\/index.php\/wp-json\/wp\/v2\/product"}],"about":[{"href":"https:\/\/sgexporta.com\/index.php\/wp-json\/wp\/v2\/types\/product"}],"replies":[{"embeddable":true,"href":"https:\/\/sgexporta.com\/index.php\/wp-json\/wp\/v2\/comments?post=250"}],"wp:featuredmedia":[{"embeddable":true,"href":"https:\/\/sgexporta.com\/index.php\/wp-json\/wp\/v2\/media\/251"}],"wp:attachment":[{"href":"https:\/\/sgexporta.com\/index.php\/wp-json\/wp\/v2\/media?parent=250"}],"wp:term":[{"taxonomy":"product_brand","embeddable":true,"href":"https:\/\/sgexporta.com\/index.php\/wp-json\/wp\/v2\/product_brand?post=250"},{"taxonomy":"product_cat","embeddable":true,"href":"https:\/\/sgexporta.com\/index.php\/wp-json\/wp\/v2\/product_cat?post=250"},{"taxonomy":"product_tag","embeddable":true,"href":"https:\/\/sgexporta.com\/index.php\/wp-json\/wp\/v2\/product_tag?post=250"}],"curies":[{"name":"wp","href":"https:\/\/api.w.org\/{rel}","templated":true}]}}